{"id":685,"date":"2021-05-28T22:39:26","date_gmt":"2021-05-28T22:39:26","guid":{"rendered":"https:\/\/site.plasmundi.com\/?page_id=685"},"modified":"2021-06-11T15:23:41","modified_gmt":"2021-06-11T15:23:41","slug":"sobrenos","status":"publish","type":"page","link":"https:\/\/site.plasmundi.com\/pt_br\/sobrenos\/","title":{"rendered":"Sobre n\u00f3s"},"content":{"rendered":"\t\t<div data-elementor-type=\"wp-page\" data-elementor-id=\"685\" class=\"elementor elementor-685\">\n\t\t\t\t\t\t<section class=\"elementor-section elementor-top-section elementor-element elementor-element-328d9607 elementor-section-boxed elementor-section-height-default elementor-section-height-default\" data-id=\"328d9607\" data-element_type=\"section\" data-settings=\"{&quot;background_background&quot;:&quot;classic&quot;}\">\n\t\t\t\t\t\t\t<div class=\"elementor-background-overlay\"><\/div>\n\t\t\t\t\t\t\t<div class=\"elementor-container elementor-column-gap-default\">\n\t\t\t\t\t<div class=\"elementor-column elementor-col-100 elementor-top-column elementor-element elementor-element-3ccc380f\" data-id=\"3ccc380f\" data-element_type=\"column\">\n\t\t\t<div class=\"elementor-widget-wrap elementor-element-populated\">\n\t\t\t\t\t\t<div class=\"elementor-element elementor-element-354266fc elementor-widget elementor-widget-heading\" data-id=\"354266fc\" data-element_type=\"widget\" data-widget_type=\"heading.default\">\n\t\t\t\t<div class=\"elementor-widget-container\">\n\t\t\t\t\t<h2 class=\"elementor-heading-title elementor-size-default\">Sobre a Plasmundi<\/h2>\t\t\t\t<\/div>\n\t\t\t\t<\/div>\n\t\t\t\t<div class=\"elementor-element elementor-element-823c8d5 elementor-widget__width-auto elementor-widget elementor-widget-jkit_button\" data-id=\"823c8d5\" data-element_type=\"widget\" data-widget_type=\"jkit_button.default\">\n\t\t\t\t<div class=\"elementor-widget-container\">\n\t\t\t\t\t<div  class=\"jeg-elementor-kit jkit-button  icon-position-after jeg_module___69ecc7f80612e\" ><a href=\"\" class=\"jkit-button-wrapper\">Home<i aria-hidden=\"true\" class=\"fas fa-chevron-right\"><\/i><\/a><\/div>\t\t\t\t<\/div>\n\t\t\t\t<\/div>\n\t\t\t\t<div class=\"elementor-element elementor-element-1fc69550 elementor-widget__width-auto elementor-widget elementor-widget-heading\" data-id=\"1fc69550\" data-element_type=\"widget\" data-widget_type=\"heading.default\">\n\t\t\t\t<div class=\"elementor-widget-container\">\n\t\t\t\t\t<h2 class=\"elementor-heading-title elementor-size-default\">Sobre N\u00f3s<\/h2>\t\t\t\t<\/div>\n\t\t\t\t<\/div>\n\t\t\t\t\t<\/div>\n\t\t<\/div>\n\t\t\t\t\t<\/div>\n\t\t<\/section>\n\t\t\t\t<section class=\"elementor-section elementor-top-section elementor-element elementor-element-763c6f1b elementor-section-boxed elementor-section-height-default elementor-section-height-default\" data-id=\"763c6f1b\" data-element_type=\"section\">\n\t\t\t\t\t\t<div class=\"elementor-container elementor-column-gap-default\">\n\t\t\t\t\t<div class=\"elementor-column elementor-col-100 elementor-top-column elementor-element elementor-element-5126834f\" data-id=\"5126834f\" data-element_type=\"column\">\n\t\t\t<div class=\"elementor-widget-wrap elementor-element-populated\">\n\t\t\t\t\t\t<section class=\"elementor-section elementor-inner-section elementor-element elementor-element-4e6e8cc7 elementor-section-boxed elementor-section-height-default elementor-section-height-default\" data-id=\"4e6e8cc7\" data-element_type=\"section\">\n\t\t\t\t\t\t<div class=\"elementor-container elementor-column-gap-default\">\n\t\t\t\t\t<div class=\"elementor-column elementor-col-50 elementor-inner-column elementor-element elementor-element-54e71c9e\" data-id=\"54e71c9e\" data-element_type=\"column\">\n\t\t\t<div class=\"elementor-widget-wrap elementor-element-populated\">\n\t\t\t\t\t\t<div class=\"elementor-element elementor-element-100dc62d elementor-widget elementor-widget-heading\" data-id=\"100dc62d\" data-element_type=\"widget\" data-widget_type=\"heading.default\">\n\t\t\t\t<div class=\"elementor-widget-container\">\n\t\t\t\t\t<h5 class=\"elementor-heading-title elementor-size-default\">Uma vis\u00e3o global<\/h5>\t\t\t\t<\/div>\n\t\t\t\t<\/div>\n\t\t\t\t<div class=\"elementor-element elementor-element-186f7a6a elementor-widget elementor-widget-jkit_heading\" data-id=\"186f7a6a\" data-element_type=\"widget\" data-widget_type=\"jkit_heading.default\">\n\t\t\t\t<div class=\"elementor-widget-container\">\n\t\t\t\t\t<div  class=\"jeg-elementor-kit jkit-heading  align- align-tablet- align-mobile- jeg_module__1_69ecc7f80c171\" ><div class=\"heading-section-title  display-inline-block\"><h2 class=\"heading-title\">Facilitando o seu <span class=\"style-color\"><span>mundo<\/span><\/span><\/h2><\/div><\/div>\t\t\t\t<\/div>\n\t\t\t\t<\/div>\n\t\t\t\t<div class=\"elementor-element elementor-element-47e6b96 elementor-widget elementor-widget-text-editor\" data-id=\"47e6b96\" data-element_type=\"widget\" data-widget_type=\"text-editor.default\">\n\t\t\t\t<div class=\"elementor-widget-container\">\n\t\t\t\t\t\t\t\t\t<p>A Plasmundi come\u00e7ou suas atividades em 2008, por\u00e9m herdou todo o conhecimento e experi\u00eancia de seu s\u00f3cio majorit\u00e1rio como representante oficial da LG Chem no Brasil h\u00e1 25 anos.<\/p><p>Detentora de um time competente e focado em gerar bons resultados para seus clientes, a Plasmundi \u00e9 uma corpora\u00e7\u00e3o especializada na importa\u00e7\u00e3o e exporta\u00e7\u00e3o de produtos para empresas com agilidade e assertividade.<\/p><p>Gra\u00e7as ao seu conhecimento e experi\u00eancia, \u00e9 capaz de absorver toda a demanda que o processo de trading necessita, realizando estudos de viabilidade de acordo com as particularidades do neg\u00f3cio de cada cliente.<\/p><p>A Plasmundi resolve todas as quest\u00f5es fiscais, tribut\u00e1rias, a habilita\u00e7\u00e3o para importar e exportar, bem como servi\u00e7os de despacho aduaneiro, frete internacional e nacional, seguro de carga, entre outros.<\/p>\t\t\t\t\t\t\t\t<\/div>\n\t\t\t\t<\/div>\n\t\t\t\t\t<\/div>\n\t\t<\/div>\n\t\t\t\t<div class=\"elementor-column elementor-col-50 elementor-inner-column elementor-element elementor-element-68f1e54d\" data-id=\"68f1e54d\" data-element_type=\"column\">\n\t\t\t<div class=\"elementor-widget-wrap elementor-element-populated\">\n\t\t\t\t\t\t<div class=\"elementor-element elementor-element-3e381c47 elementor-widget elementor-widget-text-editor\" data-id=\"3e381c47\" data-element_type=\"widget\" data-widget_type=\"text-editor.default\">\n\t\t\t\t<div class=\"elementor-widget-container\">\n\t\t\t\t\t\t\t\t\t<p>Tudo \u00e9 feito para que o cliente tenha seu produto com o menor tempo poss\u00edvel e ainda com uma redu\u00e7\u00e3o de custos consider\u00e1vel em suas opera\u00e7\u00f5es, potencializando os resultados.<\/p>\t\t\t\t\t\t\t\t<\/div>\n\t\t\t\t<\/div>\n\t\t\t\t<div class=\"elementor-element elementor-element-d2a0c5b elementor-widget elementor-widget-video\" data-id=\"d2a0c5b\" data-element_type=\"widget\" data-settings=\"{&quot;video_type&quot;:&quot;hosted&quot;,&quot;show_image_overlay&quot;:&quot;yes&quot;,&quot;image_overlay&quot;:{&quot;url&quot;:&quot;https:\\\/\\\/site.plasmundi.com\\\/wp-content\\\/uploads\\\/2021\\\/05\\\/batch_bla5.jpg&quot;,&quot;id&quot;:360,&quot;size&quot;:&quot;&quot;},&quot;controls&quot;:&quot;yes&quot;}\" data-widget_type=\"video.default\">\n\t\t\t\t<div class=\"elementor-widget-container\">\n\t\t\t\t\t\t\t<div class=\"e-hosted-video elementor-wrapper elementor-open-inline\">\n\t\t\t\t\t<video class=\"elementor-video\" src=\"https:\/\/site.plasmundi.com\/wp-content\/uploads\/2021\/05\/PLASMUNDI-FACILITANDO-O-SEU-MUNDO.mp4\" controls=\"\" preload=\"metadata\" controlsList=\"nodownload\"><\/video>\n\t\t\t\t\t\t<div class=\"elementor-custom-embed-image-overlay\" style=\"background-image: url(https:\/\/site.plasmundi.com\/wp-content\/uploads\/2021\/05\/batch_bla5.jpg);\">\n\t\t\t\t\t\t\t\t\t\t\t\t\t\t\t\t<div class=\"elementor-custom-embed-play\" role=\"button\" aria-label=\"Reproduzir v\u00eddeo\" tabindex=\"0\">\n\t\t\t\t\t\t\t<i aria-hidden=\"true\" class=\"eicon-play\"><\/i>\t\t\t\t\t\t<\/div>\n\t\t\t\t\t\t\t\t\t<\/div>\n\t\t\t\t\t<\/div>\n\t\t\t\t\t\t<\/div>\n\t\t\t\t<\/div>\n\t\t\t\t\t<\/div>\n\t\t<\/div>\n\t\t\t\t\t<\/div>\n\t\t<\/section>\n\t\t\t\t\t<\/div>\n\t\t<\/div>\n\t\t\t\t\t<\/div>\n\t\t<\/section>\n\t\t\t\t<section class=\"elementor-section elementor-top-section elementor-element elementor-element-422834fd elementor-section-boxed elementor-section-height-default elementor-section-height-default\" data-id=\"422834fd\" data-element_type=\"section\" data-settings=\"{&quot;background_background&quot;:&quot;classic&quot;}\">\n\t\t\t\t\t\t\t<div class=\"elementor-background-overlay\"><\/div>\n\t\t\t\t\t\t\t<div class=\"elementor-container elementor-column-gap-default\">\n\t\t\t\t\t<div class=\"elementor-column elementor-col-100 elementor-top-column elementor-element elementor-element-51ffa5e7\" data-id=\"51ffa5e7\" data-element_type=\"column\">\n\t\t\t<div class=\"elementor-widget-wrap elementor-element-populated\">\n\t\t\t\t\t\t<div class=\"elementor-element elementor-element-29d810a9 elementor-widget elementor-widget-heading\" data-id=\"29d810a9\" data-element_type=\"widget\" data-widget_type=\"heading.default\">\n\t\t\t\t<div class=\"elementor-widget-container\">\n\t\t\t\t\t<h5 class=\"elementor-heading-title elementor-size-default\">Facilitando a vida de pessoas e empresas<\/h5>\t\t\t\t<\/div>\n\t\t\t\t<\/div>\n\t\t\t\t<div class=\"elementor-element elementor-element-1d0c3438 elementor-widget elementor-widget-jkit_heading\" data-id=\"1d0c3438\" data-element_type=\"widget\" data-widget_type=\"jkit_heading.default\">\n\t\t\t\t<div class=\"elementor-widget-container\">\n\t\t\t\t\t<div  class=\"jeg-elementor-kit jkit-heading  align-center align-tablet- align-mobile- jeg_module__2_69ecc7f80eff1\" ><div class=\"heading-section-title  display-inline-block\"><h2 class=\"heading-title\">Junte-se ao nosso<span class=\"style-color\"><span>Mundo de Clientes Felizes<\/span><\/span><\/h2><\/div><\/div>\t\t\t\t<\/div>\n\t\t\t\t<\/div>\n\t\t\t\t<div class=\"elementor-element elementor-element-6a831d3d elementor-widget elementor-widget-text-editor\" data-id=\"6a831d3d\" data-element_type=\"widget\" data-widget_type=\"text-editor.default\">\n\t\t\t\t<div class=\"elementor-widget-container\">\n\t\t\t\t\t\t\t\t\t<p>O nosso neg\u00f3cio n\u00e3o \u00e9 importar e exportar, o nosso neg\u00f3cio \u00e9 fazer a coisa acontecer.<\/p>\t\t\t\t\t\t\t\t<\/div>\n\t\t\t\t<\/div>\n\t\t\t\t\t<\/div>\n\t\t<\/div>\n\t\t\t\t\t<\/div>\n\t\t<\/section>\n\t\t\t\t<section class=\"elementor-section elementor-top-section elementor-element elementor-element-3b7d60c3 elementor-section-boxed elementor-section-height-default elementor-section-height-default\" data-id=\"3b7d60c3\" data-element_type=\"section\">\n\t\t\t\t\t\t<div class=\"elementor-container elementor-column-gap-default\">\n\t\t\t\t\t<div class=\"elementor-column elementor-col-100 elementor-top-column elementor-element elementor-element-7cf868ae\" data-id=\"7cf868ae\" data-element_type=\"column\">\n\t\t\t<div class=\"elementor-widget-wrap\">\n\t\t\t\t\t\t\t<\/div>\n\t\t<\/div>\n\t\t\t\t\t<\/div>\n\t\t<\/section>\n\t\t\t\t<section class=\"elementor-section elementor-top-section elementor-element elementor-element-28d7ee31 elementor-reverse-tablet elementor-reverse-mobile elementor-section-boxed elementor-section-height-default elementor-section-height-default\" data-id=\"28d7ee31\" data-element_type=\"section\" data-settings=\"{&quot;background_background&quot;:&quot;classic&quot;}\">\n\t\t\t\t\t\t<div class=\"elementor-container elementor-column-gap-default\">\n\t\t\t\t\t<div class=\"elementor-column elementor-col-50 elementor-top-column elementor-element elementor-element-65be09a5\" data-id=\"65be09a5\" data-element_type=\"column\">\n\t\t\t<div class=\"elementor-widget-wrap elementor-element-populated\">\n\t\t\t\t\t\t<div class=\"elementor-element elementor-element-5e60e0cf elementor-widget__width-initial elementor-widget-mobile__width-initial elementor-widget elementor-widget-image\" data-id=\"5e60e0cf\" data-element_type=\"widget\" data-widget_type=\"image.default\">\n\t\t\t\t<div class=\"elementor-widget-container\">\n\t\t\t\t\t\t\t\t\t\t\t\t\t\t\t<img fetchpriority=\"high\" decoding=\"async\" width=\"720\" height=\"1080\" src=\"https:\/\/site.plasmundi.com\/wp-content\/uploads\/2021\/05\/batch_batch_time-plasmundi.jpg\" class=\"attachment-full size-full wp-image-688\" alt=\"\" srcset=\"https:\/\/site.plasmundi.com\/wp-content\/uploads\/2021\/05\/batch_batch_time-plasmundi.jpg 720w, https:\/\/site.plasmundi.com\/wp-content\/uploads\/2021\/05\/batch_batch_time-plasmundi-200x300.jpg 200w, https:\/\/site.plasmundi.com\/wp-content\/uploads\/2021\/05\/batch_batch_time-plasmundi-683x1024.jpg 683w, https:\/\/site.plasmundi.com\/wp-content\/uploads\/2021\/05\/batch_batch_time-plasmundi-8x12.jpg 8w\" sizes=\"(max-width: 720px) 100vw, 720px\" \/>\t\t\t\t\t\t\t\t\t\t\t\t\t\t\t<\/div>\n\t\t\t\t<\/div>\n\t\t\t\t<section class=\"elementor-section elementor-inner-section elementor-element elementor-element-447f0838 elementor-section-boxed elementor-section-height-default elementor-section-height-default\" data-id=\"447f0838\" data-element_type=\"section\">\n\t\t\t\t\t\t<div class=\"elementor-container elementor-column-gap-default\">\n\t\t\t\t\t<div class=\"elementor-column elementor-col-100 elementor-inner-column elementor-element elementor-element-6969f7b3\" data-id=\"6969f7b3\" data-element_type=\"column\" data-settings=\"{&quot;background_background&quot;:&quot;classic&quot;}\">\n\t\t\t<div class=\"elementor-widget-wrap elementor-element-populated\">\n\t\t\t\t\t\t<div class=\"elementor-element elementor-element-680d2ca9 elementor-widget elementor-widget-jkit_heading\" data-id=\"680d2ca9\" data-element_type=\"widget\" data-widget_type=\"jkit_heading.default\">\n\t\t\t\t<div class=\"elementor-widget-container\">\n\t\t\t\t\t<div  class=\"jeg-elementor-kit jkit-heading  align- align-tablet- align-mobile- jeg_module__3_69ecc7f810f0e\" ><h3 class=\"heading-section-subtitle  style-color\">Quer ficar tranquilo?<\/h3><div class=\"heading-section-title  display-inline-block\"><h2 class=\"heading-title\">Ligue : <span class=\"style-color\"><span>+55 47 3045-2992<\/span><\/span><\/h2><\/div><\/div>\t\t\t\t<\/div>\n\t\t\t\t<\/div>\n\t\t\t\t\t<\/div>\n\t\t<\/div>\n\t\t\t\t\t<\/div>\n\t\t<\/section>\n\t\t\t\t\t<\/div>\n\t\t<\/div>\n\t\t\t\t<div class=\"elementor-column elementor-col-50 elementor-top-column elementor-element elementor-element-304a5fad\" data-id=\"304a5fad\" data-element_type=\"column\">\n\t\t\t<div class=\"elementor-widget-wrap elementor-element-populated\">\n\t\t\t\t\t\t<div class=\"elementor-element elementor-element-11ecfc6f elementor-widget elementor-widget-heading\" data-id=\"11ecfc6f\" data-element_type=\"widget\" data-widget_type=\"heading.default\">\n\t\t\t\t<div class=\"elementor-widget-container\">\n\t\t\t\t\t<h5 class=\"elementor-heading-title elementor-size-default\">Estamos ao seu dispor<\/h5>\t\t\t\t<\/div>\n\t\t\t\t<\/div>\n\t\t\t\t<div class=\"elementor-element elementor-element-70e48a55 elementor-widget elementor-widget-jkit_heading\" data-id=\"70e48a55\" data-element_type=\"widget\" data-widget_type=\"jkit_heading.default\">\n\t\t\t\t<div class=\"elementor-widget-container\">\n\t\t\t\t\t<div  class=\"jeg-elementor-kit jkit-heading  align- align-tablet- align-mobile- jeg_module__4_69ecc7f811d46\" ><div class=\"heading-section-title  display-inline-block\"><h2 class=\"heading-title\">Conta pra Gente e<span class=\"style-color\"><span>Conte com a Gente<\/span><\/span><\/h2><\/div><\/div>\t\t\t\t<\/div>\n\t\t\t\t<\/div>\n\t\t\t\t<div class=\"elementor-element elementor-element-7a566127 elementor-widget elementor-widget-text-editor\" data-id=\"7a566127\" data-element_type=\"widget\" data-widget_type=\"text-editor.default\">\n\t\t\t\t<div class=\"elementor-widget-container\">\n\t\t\t\t\t\t\t\t\t<p>Atendimento consultivo e focado em suas necessidades. Estamos aqui para lhe ajudar em todos os momentos e construir um relacionamento duradouro.<\/p>\t\t\t\t\t\t\t\t<\/div>\n\t\t\t\t<\/div>\n\t\t\t\t\t<\/div>\n\t\t<\/div>\n\t\t\t\t\t<\/div>\n\t\t<\/section>\n\t\t\t\t<\/div>\n\t\t","protected":false},"excerpt":{"rendered":"<p>Sobre a Plasmundi Home Sobre N\u00f3s Uma vis\u00e3o global Facilitando o seu mundo A Plasmundi come\u00e7ou suas atividades em 2008, por\u00e9m herdou todo o conhecimento e experi\u00eancia de seu s\u00f3cio majorit\u00e1rio como representante oficial da LG Chem no Brasil h\u00e1 25 anos. Detentora de um time competente e focado em gerar bons resultados para seus [&hellip;]<\/p>\n","protected":false},"author":1,"featured_media":0,"parent":0,"menu_order":0,"comment_status":"closed","ping_status":"closed","template":"elementor_canvas","meta":{"footnotes":""},"class_list":["post-685","page","type-page","status-publish","hentry"],"yoast_head":"<!-- This site is optimized with the Yoast SEO plugin v24.4 - https:\/\/yoast.com\/wordpress\/plugins\/seo\/ -->\n<title>Sobre n\u00f3s - Plasmundi Trading Company<\/title>\n<meta name=\"robots\" content=\"index, follow, max-snippet:-1, max-image-preview:large, max-video-preview:-1\" \/>\n<link rel=\"canonical\" href=\"https:\/\/site.plasmundi.com\/pt_br\/sobrenos\/\" \/>\n<meta property=\"og:locale\" content=\"pt_BR\" \/>\n<meta property=\"og:type\" content=\"article\" \/>\n<meta property=\"og:title\" content=\"Sobre n\u00f3s - Plasmundi Trading Company\" \/>\n<meta property=\"og:description\" content=\"Sobre a Plasmundi Home Sobre N\u00f3s Uma vis\u00e3o global Facilitando o seu mundo A Plasmundi come\u00e7ou suas atividades em 2008, por\u00e9m herdou todo o conhecimento e experi\u00eancia de seu s\u00f3cio majorit\u00e1rio como representante oficial da LG Chem no Brasil h\u00e1 25 anos. Detentora de um time competente e focado em gerar bons resultados para seus [&hellip;]\" \/>\n<meta property=\"og:url\" content=\"https:\/\/site.plasmundi.com\/pt_br\/sobrenos\/\" \/>\n<meta property=\"og:site_name\" content=\"Plasmundi Trading Company\" \/>\n<meta property=\"article:modified_time\" content=\"2021-06-11T15:23:41+00:00\" \/>\n<meta property=\"og:image\" content=\"https:\/\/site.plasmundi.com\/wp-content\/uploads\/2021\/05\/batch_batch_time-plasmundi.jpg\" \/>\n<meta name=\"twitter:card\" content=\"summary_large_image\" \/>\n<meta name=\"twitter:label1\" content=\"Est. tempo de leitura\" \/>\n\t<meta name=\"twitter:data1\" content=\"2 minutos\" \/>\n<script type=\"application\/ld+json\" class=\"yoast-schema-graph\">{\"@context\":\"https:\/\/schema.org\",\"@graph\":[{\"@type\":\"WebPage\",\"@id\":\"https:\/\/site.plasmundi.com\/sobrenos\/\",\"url\":\"https:\/\/site.plasmundi.com\/sobrenos\/\",\"name\":\"Sobre n\u00f3s - Plasmundi Trading Company\",\"isPartOf\":{\"@id\":\"https:\/\/site.plasmundi.com\/#website\"},\"primaryImageOfPage\":{\"@id\":\"https:\/\/site.plasmundi.com\/sobrenos\/#primaryimage\"},\"image\":{\"@id\":\"https:\/\/site.plasmundi.com\/sobrenos\/#primaryimage\"},\"thumbnailUrl\":\"https:\/\/site.plasmundi.com\/wp-content\/uploads\/2021\/05\/batch_batch_time-plasmundi.jpg\",\"datePublished\":\"2021-05-28T22:39:26+00:00\",\"dateModified\":\"2021-06-11T15:23:41+00:00\",\"breadcrumb\":{\"@id\":\"https:\/\/site.plasmundi.com\/sobrenos\/#breadcrumb\"},\"inLanguage\":\"pt-BR\",\"potentialAction\":[{\"@type\":\"ReadAction\",\"target\":[\"https:\/\/site.plasmundi.com\/sobrenos\/\"]}]},{\"@type\":\"ImageObject\",\"inLanguage\":\"pt-BR\",\"@id\":\"https:\/\/site.plasmundi.com\/sobrenos\/#primaryimage\",\"url\":\"https:\/\/site.plasmundi.com\/wp-content\/uploads\/2021\/05\/batch_batch_time-plasmundi.jpg\",\"contentUrl\":\"https:\/\/site.plasmundi.com\/wp-content\/uploads\/2021\/05\/batch_batch_time-plasmundi.jpg\"},{\"@type\":\"BreadcrumbList\",\"@id\":\"https:\/\/site.plasmundi.com\/sobrenos\/#breadcrumb\",\"itemListElement\":[{\"@type\":\"ListItem\",\"position\":1,\"name\":\"In\u00edcio\",\"item\":\"https:\/\/site.plasmundi.com\/\"},{\"@type\":\"ListItem\",\"position\":2,\"name\":\"Sobre n\u00f3s\"}]},{\"@type\":\"WebSite\",\"@id\":\"https:\/\/site.plasmundi.com\/#website\",\"url\":\"https:\/\/site.plasmundi.com\/\",\"name\":\"Plasmundi Trading Company\",\"description\":\"Facilitando o seu mundo em importa\u00e7\u00e3o e exporta\u00e7\u00e3o\",\"publisher\":{\"@id\":\"https:\/\/site.plasmundi.com\/#organization\"},\"potentialAction\":[{\"@type\":\"SearchAction\",\"target\":{\"@type\":\"EntryPoint\",\"urlTemplate\":\"https:\/\/site.plasmundi.com\/?s={search_term_string}\"},\"query-input\":{\"@type\":\"PropertyValueSpecification\",\"valueRequired\":true,\"valueName\":\"search_term_string\"}}],\"inLanguage\":\"pt-BR\"},{\"@type\":\"Organization\",\"@id\":\"https:\/\/site.plasmundi.com\/#organization\",\"name\":\"Plasmundi Trading Company\",\"url\":\"https:\/\/site.plasmundi.com\/\",\"logo\":{\"@type\":\"ImageObject\",\"inLanguage\":\"pt-BR\",\"@id\":\"https:\/\/site.plasmundi.com\/#\/schema\/logo\/image\/\",\"url\":\"https:\/\/site.plasmundi.com\/wp-content\/uploads\/2021\/05\/plasmundi-azul-site.png\",\"contentUrl\":\"https:\/\/site.plasmundi.com\/wp-content\/uploads\/2021\/05\/plasmundi-azul-site.png\",\"width\":343,\"height\":80,\"caption\":\"Plasmundi Trading Company\"},\"image\":{\"@id\":\"https:\/\/site.plasmundi.com\/#\/schema\/logo\/image\/\"}}]}<\/script>\n<!-- \/ Yoast SEO plugin. -->","yoast_head_json":{"title":"Sobre n\u00f3s - Plasmundi Trading Company","robots":{"index":"index","follow":"follow","max-snippet":"max-snippet:-1","max-image-preview":"max-image-preview:large","max-video-preview":"max-video-preview:-1"},"canonical":"https:\/\/site.plasmundi.com\/pt_br\/sobrenos\/","og_locale":"pt_BR","og_type":"article","og_title":"Sobre n\u00f3s - Plasmundi Trading Company","og_description":"Sobre a Plasmundi Home Sobre N\u00f3s Uma vis\u00e3o global Facilitando o seu mundo A Plasmundi come\u00e7ou suas atividades em 2008, por\u00e9m herdou todo o conhecimento e experi\u00eancia de seu s\u00f3cio majorit\u00e1rio como representante oficial da LG Chem no Brasil h\u00e1 25 anos. Detentora de um time competente e focado em gerar bons resultados para seus [&hellip;]","og_url":"https:\/\/site.plasmundi.com\/pt_br\/sobrenos\/","og_site_name":"Plasmundi Trading Company","article_modified_time":"2021-06-11T15:23:41+00:00","og_image":[{"url":"https:\/\/site.plasmundi.com\/wp-content\/uploads\/2021\/05\/batch_batch_time-plasmundi.jpg","type":"","width":"","height":""}],"twitter_card":"summary_large_image","twitter_misc":{"Est. tempo de leitura":"2 minutos"},"schema":{"@context":"https:\/\/schema.org","@graph":[{"@type":"WebPage","@id":"https:\/\/site.plasmundi.com\/sobrenos\/","url":"https:\/\/site.plasmundi.com\/sobrenos\/","name":"Sobre n\u00f3s - Plasmundi Trading Company","isPartOf":{"@id":"https:\/\/site.plasmundi.com\/#website"},"primaryImageOfPage":{"@id":"https:\/\/site.plasmundi.com\/sobrenos\/#primaryimage"},"image":{"@id":"https:\/\/site.plasmundi.com\/sobrenos\/#primaryimage"},"thumbnailUrl":"https:\/\/site.plasmundi.com\/wp-content\/uploads\/2021\/05\/batch_batch_time-plasmundi.jpg","datePublished":"2021-05-28T22:39:26+00:00","dateModified":"2021-06-11T15:23:41+00:00","breadcrumb":{"@id":"https:\/\/site.plasmundi.com\/sobrenos\/#breadcrumb"},"inLanguage":"pt-BR","potentialAction":[{"@type":"ReadAction","target":["https:\/\/site.plasmundi.com\/sobrenos\/"]}]},{"@type":"ImageObject","inLanguage":"pt-BR","@id":"https:\/\/site.plasmundi.com\/sobrenos\/#primaryimage","url":"https:\/\/site.plasmundi.com\/wp-content\/uploads\/2021\/05\/batch_batch_time-plasmundi.jpg","contentUrl":"https:\/\/site.plasmundi.com\/wp-content\/uploads\/2021\/05\/batch_batch_time-plasmundi.jpg"},{"@type":"BreadcrumbList","@id":"https:\/\/site.plasmundi.com\/sobrenos\/#breadcrumb","itemListElement":[{"@type":"ListItem","position":1,"name":"In\u00edcio","item":"https:\/\/site.plasmundi.com\/"},{"@type":"ListItem","position":2,"name":"Sobre n\u00f3s"}]},{"@type":"WebSite","@id":"https:\/\/site.plasmundi.com\/#website","url":"https:\/\/site.plasmundi.com\/","name":"Plasmundi Trading Company","description":"Facilitando o seu mundo em importa\u00e7\u00e3o e exporta\u00e7\u00e3o","publisher":{"@id":"https:\/\/site.plasmundi.com\/#organization"},"potentialAction":[{"@type":"SearchAction","target":{"@type":"EntryPoint","urlTemplate":"https:\/\/site.plasmundi.com\/?s={search_term_string}"},"query-input":{"@type":"PropertyValueSpecification","valueRequired":true,"valueName":"search_term_string"}}],"inLanguage":"pt-BR"},{"@type":"Organization","@id":"https:\/\/site.plasmundi.com\/#organization","name":"Plasmundi Trading Company","url":"https:\/\/site.plasmundi.com\/","logo":{"@type":"ImageObject","inLanguage":"pt-BR","@id":"https:\/\/site.plasmundi.com\/#\/schema\/logo\/image\/","url":"https:\/\/site.plasmundi.com\/wp-content\/uploads\/2021\/05\/plasmundi-azul-site.png","contentUrl":"https:\/\/site.plasmundi.com\/wp-content\/uploads\/2021\/05\/plasmundi-azul-site.png","width":343,"height":80,"caption":"Plasmundi Trading Company"},"image":{"@id":"https:\/\/site.plasmundi.com\/#\/schema\/logo\/image\/"}}]}},"_links":{"self":[{"href":"https:\/\/site.plasmundi.com\/pt_br\/wp-json\/wp\/v2\/pages\/685","targetHints":{"allow":["GET"]}}],"collection":[{"href":"https:\/\/site.plasmundi.com\/pt_br\/wp-json\/wp\/v2\/pages"}],"about":[{"href":"https:\/\/site.plasmundi.com\/pt_br\/wp-json\/wp\/v2\/types\/page"}],"author":[{"embeddable":true,"href":"https:\/\/site.plasmundi.com\/pt_br\/wp-json\/wp\/v2\/users\/1"}],"replies":[{"embeddable":true,"href":"https:\/\/site.plasmundi.com\/pt_br\/wp-json\/wp\/v2\/comments?post=685"}],"version-history":[{"count":34,"href":"https:\/\/site.plasmundi.com\/pt_br\/wp-json\/wp\/v2\/pages\/685\/revisions"}],"predecessor-version":[{"id":1317,"href":"https:\/\/site.plasmundi.com\/pt_br\/wp-json\/wp\/v2\/pages\/685\/revisions\/1317"}],"wp:attachment":[{"href":"https:\/\/site.plasmundi.com\/pt_br\/wp-json\/wp\/v2\/media?parent=685"}],"curies":[{"name":"wp","href":"https:\/\/api.w.org\/{rel}","templated":true}]}}