{"id":425,"date":"2021-05-28T13:53:08","date_gmt":"2021-05-28T13:53:08","guid":{"rendered":"https:\/\/site.plasmundi.com\/?page_id=425"},"modified":"2021-05-31T20:02:34","modified_gmt":"2021-05-31T20:02:34","slug":"fale-conosco","status":"publish","type":"page","link":"https:\/\/site.plasmundi.com\/pt_br\/fale-conosco\/","title":{"rendered":"Fale Conosco"},"content":{"rendered":"\t\t<div data-elementor-type=\"wp-page\" data-elementor-id=\"425\" class=\"elementor elementor-425\">\n\t\t\t\t\t\t<section class=\"elementor-section elementor-top-section elementor-element elementor-element-33f22736 elementor-section-boxed elementor-section-height-default elementor-section-height-default\" data-id=\"33f22736\" data-element_type=\"section\" data-settings=\"{&quot;background_background&quot;:&quot;classic&quot;}\">\n\t\t\t\t\t\t\t<div class=\"elementor-background-overlay\"><\/div>\n\t\t\t\t\t\t\t<div class=\"elementor-container elementor-column-gap-default\">\n\t\t\t\t\t<div class=\"elementor-column elementor-col-100 elementor-top-column elementor-element elementor-element-75e3f593\" data-id=\"75e3f593\" data-element_type=\"column\">\n\t\t\t<div class=\"elementor-widget-wrap elementor-element-populated\">\n\t\t\t\t\t\t<div class=\"elementor-element elementor-element-4e4ba467 elementor-widget elementor-widget-heading\" data-id=\"4e4ba467\" data-element_type=\"widget\" data-widget_type=\"heading.default\">\n\t\t\t\t<div class=\"elementor-widget-container\">\n\t\t\t\t\t<h2 class=\"elementor-heading-title elementor-size-default\">Fale Conosco<\/h2>\t\t\t\t<\/div>\n\t\t\t\t<\/div>\n\t\t\t\t<div class=\"elementor-element elementor-element-4077ec90 elementor-widget__width-auto elementor-widget elementor-widget-jkit_button\" data-id=\"4077ec90\" data-element_type=\"widget\" data-widget_type=\"jkit_button.default\">\n\t\t\t\t<div class=\"elementor-widget-container\">\n\t\t\t\t\t<div  class=\"jeg-elementor-kit jkit-button  icon-position-after jeg_module___69eccdb1c5b5a\" ><a href=\"\" class=\"jkit-button-wrapper\">Home<i aria-hidden=\"true\" class=\"fas fa-chevron-right\"><\/i><\/a><\/div>\t\t\t\t<\/div>\n\t\t\t\t<\/div>\n\t\t\t\t<div class=\"elementor-element elementor-element-52f6eb56 elementor-widget__width-auto elementor-widget elementor-widget-heading\" data-id=\"52f6eb56\" data-element_type=\"widget\" data-widget_type=\"heading.default\">\n\t\t\t\t<div class=\"elementor-widget-container\">\n\t\t\t\t\t<h2 class=\"elementor-heading-title elementor-size-default\">Fale Conosco<\/h2>\t\t\t\t<\/div>\n\t\t\t\t<\/div>\n\t\t\t\t\t<\/div>\n\t\t<\/div>\n\t\t\t\t\t<\/div>\n\t\t<\/section>\n\t\t\t\t<section class=\"elementor-section elementor-top-section elementor-element elementor-element-2c813ca3 elementor-section-boxed elementor-section-height-default elementor-section-height-default\" data-id=\"2c813ca3\" data-element_type=\"section\">\n\t\t\t\t\t\t<div class=\"elementor-container elementor-column-gap-default\">\n\t\t\t\t\t<div class=\"elementor-column elementor-col-100 elementor-top-column elementor-element elementor-element-18d79034\" data-id=\"18d79034\" data-element_type=\"column\">\n\t\t\t<div class=\"elementor-widget-wrap elementor-element-populated\">\n\t\t\t\t\t\t<div class=\"elementor-element elementor-element-52af4e2a elementor-widget elementor-widget-heading\" data-id=\"52af4e2a\" data-element_type=\"widget\" data-widget_type=\"heading.default\">\n\t\t\t\t<div class=\"elementor-widget-container\">\n\t\t\t\t\t<h5 class=\"elementor-heading-title elementor-size-default\">Fale Conosco<\/h5>\t\t\t\t<\/div>\n\t\t\t\t<\/div>\n\t\t\t\t<div class=\"elementor-element elementor-element-1ff24776 elementor-widget elementor-widget-jkit_heading\" data-id=\"1ff24776\" data-element_type=\"widget\" data-widget_type=\"jkit_heading.default\">\n\t\t\t\t<div class=\"elementor-widget-container\">\n\t\t\t\t\t<div  class=\"jeg-elementor-kit jkit-heading  align-center align-tablet- align-mobile- jeg_module__1_69eccdb1ca57b\" ><div class=\"heading-section-title  display-inline-block\"><h2 class=\"heading-title\">Entre em <span class=\"style-color\"><span>Contato<\/span><\/span><\/h2><\/div><\/div>\t\t\t\t<\/div>\n\t\t\t\t<\/div>\n\t\t\t\t<section class=\"elementor-section elementor-inner-section elementor-element elementor-element-5821baba elementor-section-boxed elementor-section-height-default elementor-section-height-default\" data-id=\"5821baba\" data-element_type=\"section\">\n\t\t\t\t\t\t<div class=\"elementor-container elementor-column-gap-default\">\n\t\t\t\t\t<div class=\"elementor-column elementor-col-25 elementor-inner-column elementor-element elementor-element-6290e6b4\" data-id=\"6290e6b4\" data-element_type=\"column\">\n\t\t\t<div class=\"elementor-widget-wrap elementor-element-populated\">\n\t\t\t\t\t\t<div class=\"elementor-element elementor-element-43c2268d jkit-equal-height-disable elementor-widget elementor-widget-jkit_icon_box\" data-id=\"43c2268d\" data-element_type=\"widget\" data-widget_type=\"jkit_icon_box.default\">\n\t\t\t\t<div class=\"elementor-widget-container\">\n\t\t\t\t\t<div  class=\"jeg-elementor-kit jkit-icon-box icon-position- elementor-animation- jeg_module__2_69eccdb1cd24a\" ><div class=\"jkit-icon-box-wrapper hover-from-left\"><div class=\"icon-box icon-box-header elementor-animation-\"><div class=\"icon style-color\"><i aria-hidden=\"true\" class=\"jki jki-placeholder2-light\"><\/i><\/div><\/div><div class=\"icon-box icon-box-body\">\n                <h2 class=\"title\">Onde Estamos<\/h2><p class=\"icon-box-description\">Av. Cel. Marcos Konder, 1207 - Sl. 55 - Centro, Itaja\u00ed - SC, CEP: 88301-303<\/p>\n            <\/div>\n            \n            <\/div><\/div>\t\t\t\t<\/div>\n\t\t\t\t<\/div>\n\t\t\t\t\t<\/div>\n\t\t<\/div>\n\t\t\t\t<div class=\"elementor-column elementor-col-25 elementor-inner-column elementor-element elementor-element-201fb164\" data-id=\"201fb164\" data-element_type=\"column\">\n\t\t\t<div class=\"elementor-widget-wrap elementor-element-populated\">\n\t\t\t\t\t\t<div class=\"elementor-element elementor-element-1d00d542 jkit-equal-height-disable elementor-widget elementor-widget-jkit_icon_box\" data-id=\"1d00d542\" data-element_type=\"widget\" data-widget_type=\"jkit_icon_box.default\">\n\t\t\t\t<div class=\"elementor-widget-container\">\n\t\t\t\t\t<div  class=\"jeg-elementor-kit jkit-icon-box icon-position- elementor-animation- jeg_module__3_69eccdb1cd8cc\" ><div class=\"jkit-icon-box-wrapper hover-from-left\"><div class=\"icon-box icon-box-header elementor-animation-\"><div class=\"icon style-color\"><i aria-hidden=\"true\" class=\"jki jki-phone-handset-light\"><\/i><\/div><\/div><div class=\"icon-box icon-box-body\">\n                <h2 class=\"title\">Ligue Agora<\/h2><p class=\"icon-box-description\">+55 47 3045-2992 <\/p>\n            <\/div>\n            \n            <\/div><\/div>\t\t\t\t<\/div>\n\t\t\t\t<\/div>\n\t\t\t\t\t<\/div>\n\t\t<\/div>\n\t\t\t\t<div class=\"elementor-column elementor-col-25 elementor-inner-column elementor-element elementor-element-4126c453\" data-id=\"4126c453\" data-element_type=\"column\">\n\t\t\t<div class=\"elementor-widget-wrap elementor-element-populated\">\n\t\t\t\t\t\t<div class=\"elementor-element elementor-element-2b41e69a jkit-equal-height-disable elementor-widget elementor-widget-jkit_icon_box\" data-id=\"2b41e69a\" data-element_type=\"widget\" data-widget_type=\"jkit_icon_box.default\">\n\t\t\t\t<div class=\"elementor-widget-container\">\n\t\t\t\t\t<div  class=\"jeg-elementor-kit jkit-icon-box icon-position- elementor-animation- jeg_module__4_69eccdb1cded2\" ><div class=\"jkit-icon-box-wrapper hover-from-left\"><div class=\"icon-box icon-box-header elementor-animation-\"><div class=\"icon style-color\"><i aria-hidden=\"true\" class=\"jki jki-email-light\"><\/i><\/div><\/div><div class=\"icon-box icon-box-body\">\n                <h2 class=\"title\">Envie um Email<\/h2><p class=\"icon-box-description\">plasmundi@plasmundi.com<br \/>\nvc@plasmundi.com<\/p>\n            <\/div>\n            \n            <\/div><\/div>\t\t\t\t<\/div>\n\t\t\t\t<\/div>\n\t\t\t\t\t<\/div>\n\t\t<\/div>\n\t\t\t\t<div class=\"elementor-column elementor-col-25 elementor-inner-column elementor-element elementor-element-41da27b5\" data-id=\"41da27b5\" data-element_type=\"column\">\n\t\t\t<div class=\"elementor-widget-wrap elementor-element-populated\">\n\t\t\t\t\t\t<div class=\"elementor-element elementor-element-22a2c9d9 jkit-equal-height-disable elementor-widget elementor-widget-jkit_icon_box\" data-id=\"22a2c9d9\" data-element_type=\"widget\" data-widget_type=\"jkit_icon_box.default\">\n\t\t\t\t<div class=\"elementor-widget-container\">\n\t\t\t\t\t<div  class=\"jeg-elementor-kit jkit-icon-box icon-position- elementor-animation- jeg_module__5_69eccdb1ce518\" ><div class=\"jkit-icon-box-wrapper hover-from-left\"><div class=\"icon-box icon-box-header elementor-animation-\"><div class=\"icon style-color\"><i aria-hidden=\"true\" class=\"far fa-clock\"><\/i><\/div><\/div><div class=\"icon-box icon-box-body\">\n                <h2 class=\"title\">Hor\u00e1rio<\/h2><p class=\"icon-box-description\">Segunda - Quinta: 9h \u00e0s 18h Sexta: 8h \u00e0s 17h (Pausa  das 12h - 13h todos os dias)<\/p>\n            <\/div>\n            \n            <\/div><\/div>\t\t\t\t<\/div>\n\t\t\t\t<\/div>\n\t\t\t\t\t<\/div>\n\t\t<\/div>\n\t\t\t\t\t<\/div>\n\t\t<\/section>\n\t\t\t\t<section class=\"elementor-section elementor-inner-section elementor-element elementor-element-e609b07 elementor-reverse-tablet elementor-reverse-mobile elementor-section-boxed elementor-section-height-default elementor-section-height-default\" data-id=\"e609b07\" data-element_type=\"section\">\n\t\t\t\t\t\t<div class=\"elementor-container elementor-column-gap-default\">\n\t\t\t\t\t<div class=\"elementor-column elementor-col-50 elementor-inner-column elementor-element elementor-element-4ee68e82\" data-id=\"4ee68e82\" data-element_type=\"column\">\n\t\t\t<div class=\"elementor-widget-wrap elementor-element-populated\">\n\t\t\t\t\t\t<div class=\"elementor-element elementor-element-d059034 elementor-widget elementor-widget-google_maps\" data-id=\"d059034\" data-element_type=\"widget\" data-widget_type=\"google_maps.default\">\n\t\t\t\t<div class=\"elementor-widget-container\">\n\t\t\t\t\t\t\t<div class=\"elementor-custom-embed\">\n\t\t\t<iframe loading=\"lazy\"\n\t\t\t\t\tsrc=\"https:\/\/maps.google.com\/maps?q=Av.%20Cel.%20Marcos%20Konder%2C%201207%20-%2055%20-%20Centro%2C%20Itaja%C3%AD%20-%20SC%2C%2088301-303&#038;t=m&#038;z=15&#038;output=embed&#038;iwloc=near\"\n\t\t\t\t\ttitle=\"Av. Cel. Marcos Konder, 1207 - 55 - Centro, Itaja\u00ed - SC, 88301-303\"\n\t\t\t\t\taria-label=\"Av. Cel. Marcos Konder, 1207 - 55 - Centro, Itaja\u00ed - SC, 88301-303\"\n\t\t\t><\/iframe>\n\t\t<\/div>\n\t\t\t\t\t\t<\/div>\n\t\t\t\t<\/div>\n\t\t\t\t\t<\/div>\n\t\t<\/div>\n\t\t\t\t<div class=\"elementor-column elementor-col-50 elementor-inner-column elementor-element elementor-element-31fb097c\" data-id=\"31fb097c\" data-element_type=\"column\" data-settings=\"{&quot;background_background&quot;:&quot;classic&quot;}\">\n\t\t\t<div class=\"elementor-widget-wrap elementor-element-populated\">\n\t\t\t\t\t\t<div class=\"elementor-element elementor-element-03e6205 elementor-widget elementor-widget-heading\" data-id=\"03e6205\" data-element_type=\"widget\" data-widget_type=\"heading.default\">\n\t\t\t\t<div class=\"elementor-widget-container\">\n\t\t\t\t\t<h2 class=\"elementor-heading-title elementor-size-default\">Como podemos te ajudar?<\/h2>\t\t\t\t<\/div>\n\t\t\t\t<\/div>\n\t\t\t\t<div class=\"elementor-element elementor-element-57f36d4 elementor-widget elementor-widget-jkit_contact_form_7\" data-id=\"57f36d4\" data-element_type=\"widget\" data-widget_type=\"jkit_contact_form_7.default\">\n\t\t\t\t<div class=\"elementor-widget-container\">\n\t\t\t\t\t<div  class=\"jeg-elementor-kit jkit-contact-form-7 jeg_module__6_69eccdb1d18f7\" ><div role=\"form\" class=\"wpcf7\" id=\"wpcf7-f5-o1\" lang=\"pt-BR\" dir=\"ltr\">\n<div class=\"screen-reader-response\"><p role=\"status\" aria-live=\"polite\" aria-atomic=\"true\"><\/p> <ul><\/ul><\/div>\n<form action=\"\/pt_br\/wp-json\/wp\/v2\/pages\/425#wpcf7-f5-o1\" method=\"post\" class=\"wpcf7-form init\" novalidate=\"novalidate\" data-status=\"init\">\n<div style=\"display: none;\">\n<input type=\"hidden\" name=\"_wpcf7\" value=\"5\" \/>\n<input type=\"hidden\" name=\"_wpcf7_version\" value=\"5.4.1\" \/>\n<input type=\"hidden\" name=\"_wpcf7_locale\" value=\"pt_BR\" \/>\n<input type=\"hidden\" name=\"_wpcf7_unit_tag\" value=\"wpcf7-f5-o1\" \/>\n<input type=\"hidden\" name=\"_wpcf7_container_post\" value=\"0\" \/>\n<input type=\"hidden\" name=\"_wpcf7_posted_data_hash\" value=\"\" \/>\n<\/div>\n<div align=\"center\">\n<span class=\"wpcf7-form-control-wrap nome\"><input type=\"text\" name=\"nome\" value=\"\" size=\"40\" class=\"wpcf7-form-control wpcf7-text wpcf7-validates-as-required campo\" aria-required=\"true\" aria-invalid=\"false\" placeholder=\"Seu nome\" \/><\/span><br \/>\n<span class=\"wpcf7-form-control-wrap telefone\"><input type=\"text\" name=\"telefone\" value=\"\" size=\"40\" class=\"wpcf7-form-control wpcf7-text wpcf7-validates-as-required campo\" aria-required=\"true\" aria-invalid=\"false\" placeholder=\"Telefone com DDD\" \/><\/span><br \/>\n<span class=\"wpcf7-form-control-wrap email\"><input type=\"email\" name=\"email\" value=\"\" size=\"40\" class=\"wpcf7-form-control wpcf7-text wpcf7-email wpcf7-validates-as-required wpcf7-validates-as-email campo\" aria-required=\"true\" aria-invalid=\"false\" placeholder=\"E-mail de contato\" \/><\/span><br \/>\n<span class=\"wpcf7-form-control-wrap cidade\"><input type=\"text\" name=\"cidade\" value=\"\" size=\"40\" class=\"wpcf7-form-control wpcf7-text wpcf7-validates-as-required campo\" aria-required=\"true\" aria-invalid=\"false\" placeholder=\"Cidade\" \/><\/span><br \/>\n<span class=\"wpcf7-form-control-wrap empresa\"><input type=\"text\" name=\"empresa\" value=\"\" size=\"40\" class=\"wpcf7-form-control wpcf7-text wpcf7-validates-as-required campo\" aria-required=\"true\" aria-invalid=\"false\" placeholder=\"Empresa\" \/><\/span><br \/>\n<span class=\"wpcf7-form-control-wrap mensagem\"><textarea name=\"mensagem\" cols=\"40\" rows=\"10\" class=\"wpcf7-form-control wpcf7-textarea campo\" aria-invalid=\"false\" placeholder=\"Sua mensagem\"><\/textarea><\/span><br \/>\n<br><br \/>\n<input type=\"submit\" value=\"Enviar\" class=\"wpcf7-form-control wpcf7-submit bt\" \/><\/div>\n<div class=\"wpcf7-response-output\" aria-hidden=\"true\"><\/div><\/form><\/div><\/div>\t\t\t\t<\/div>\n\t\t\t\t<\/div>\n\t\t\t\t\t<\/div>\n\t\t<\/div>\n\t\t\t\t\t<\/div>\n\t\t<\/section>\n\t\t\t\t\t<\/div>\n\t\t<\/div>\n\t\t\t\t\t<\/div>\n\t\t<\/section>\n\t\t\t\t<\/div>\n\t\t","protected":false},"excerpt":{"rendered":"<p>Fale Conosco Home Fale Conosco Fale Conosco Entre em Contato Onde Estamos Av. Cel. Marcos Konder, 1207 &#8211; Sl. 55 &#8211; Centro, Itaja\u00ed &#8211; SC, CEP: 88301-303 Ligue Agora +55 47 3045-2992 Envie um Email plasmundi@plasmundi.com vc@plasmundi.com Hor\u00e1rio Segunda &#8211; Quinta: 9h \u00e0s 18h Sexta: 8h \u00e0s 17h (Pausa das 12h &#8211; 13h todos os [&hellip;]<\/p>\n","protected":false},"author":1,"featured_media":0,"parent":0,"menu_order":0,"comment_status":"closed","ping_status":"closed","template":"elementor_canvas","meta":{"footnotes":""},"class_list":["post-425","page","type-page","status-publish","hentry"],"yoast_head":"<!-- This site is optimized with the Yoast SEO plugin v24.4 - https:\/\/yoast.com\/wordpress\/plugins\/seo\/ -->\n<title>Fale Conosco - Plasmundi Trading Company<\/title>\n<meta name=\"robots\" content=\"index, follow, max-snippet:-1, max-image-preview:large, max-video-preview:-1\" \/>\n<link rel=\"canonical\" href=\"https:\/\/site.plasmundi.com\/pt_br\/fale-conosco\/\" \/>\n<meta property=\"og:locale\" content=\"pt_BR\" \/>\n<meta property=\"og:type\" content=\"article\" \/>\n<meta property=\"og:title\" content=\"Fale Conosco - Plasmundi Trading Company\" \/>\n<meta property=\"og:description\" content=\"Fale Conosco Home Fale Conosco Fale Conosco Entre em Contato Onde Estamos Av. Cel. Marcos Konder, 1207 &#8211; Sl. 55 &#8211; Centro, Itaja\u00ed &#8211; SC, CEP: 88301-303 Ligue Agora +55 47 3045-2992 Envie um Email plasmundi@plasmundi.com vc@plasmundi.com Hor\u00e1rio Segunda &#8211; Quinta: 9h \u00e0s 18h Sexta: 8h \u00e0s 17h (Pausa das 12h &#8211; 13h todos os [&hellip;]\" \/>\n<meta property=\"og:url\" content=\"https:\/\/site.plasmundi.com\/pt_br\/fale-conosco\/\" \/>\n<meta property=\"og:site_name\" content=\"Plasmundi Trading Company\" \/>\n<meta property=\"article:modified_time\" content=\"2021-05-31T20:02:34+00:00\" \/>\n<meta name=\"twitter:card\" content=\"summary_large_image\" \/>\n<meta name=\"twitter:label1\" content=\"Est. tempo de leitura\" \/>\n\t<meta name=\"twitter:data1\" content=\"1 minuto\" \/>\n<script type=\"application\/ld+json\" class=\"yoast-schema-graph\">{\"@context\":\"https:\/\/schema.org\",\"@graph\":[{\"@type\":\"WebPage\",\"@id\":\"https:\/\/site.plasmundi.com\/fale-conosco\/\",\"url\":\"https:\/\/site.plasmundi.com\/fale-conosco\/\",\"name\":\"Fale Conosco - Plasmundi Trading Company\",\"isPartOf\":{\"@id\":\"https:\/\/site.plasmundi.com\/#website\"},\"datePublished\":\"2021-05-28T13:53:08+00:00\",\"dateModified\":\"2021-05-31T20:02:34+00:00\",\"breadcrumb\":{\"@id\":\"https:\/\/site.plasmundi.com\/fale-conosco\/#breadcrumb\"},\"inLanguage\":\"pt-BR\",\"potentialAction\":[{\"@type\":\"ReadAction\",\"target\":[\"https:\/\/site.plasmundi.com\/fale-conosco\/\"]}]},{\"@type\":\"BreadcrumbList\",\"@id\":\"https:\/\/site.plasmundi.com\/fale-conosco\/#breadcrumb\",\"itemListElement\":[{\"@type\":\"ListItem\",\"position\":1,\"name\":\"In\u00edcio\",\"item\":\"https:\/\/site.plasmundi.com\/\"},{\"@type\":\"ListItem\",\"position\":2,\"name\":\"Fale Conosco\"}]},{\"@type\":\"WebSite\",\"@id\":\"https:\/\/site.plasmundi.com\/#website\",\"url\":\"https:\/\/site.plasmundi.com\/\",\"name\":\"Plasmundi Trading Company\",\"description\":\"Facilitando o seu mundo em importa\u00e7\u00e3o e exporta\u00e7\u00e3o\",\"publisher\":{\"@id\":\"https:\/\/site.plasmundi.com\/#organization\"},\"potentialAction\":[{\"@type\":\"SearchAction\",\"target\":{\"@type\":\"EntryPoint\",\"urlTemplate\":\"https:\/\/site.plasmundi.com\/?s={search_term_string}\"},\"query-input\":{\"@type\":\"PropertyValueSpecification\",\"valueRequired\":true,\"valueName\":\"search_term_string\"}}],\"inLanguage\":\"pt-BR\"},{\"@type\":\"Organization\",\"@id\":\"https:\/\/site.plasmundi.com\/#organization\",\"name\":\"Plasmundi Trading Company\",\"url\":\"https:\/\/site.plasmundi.com\/\",\"logo\":{\"@type\":\"ImageObject\",\"inLanguage\":\"pt-BR\",\"@id\":\"https:\/\/site.plasmundi.com\/#\/schema\/logo\/image\/\",\"url\":\"https:\/\/site.plasmundi.com\/wp-content\/uploads\/2021\/05\/plasmundi-azul-site.png\",\"contentUrl\":\"https:\/\/site.plasmundi.com\/wp-content\/uploads\/2021\/05\/plasmundi-azul-site.png\",\"width\":343,\"height\":80,\"caption\":\"Plasmundi Trading Company\"},\"image\":{\"@id\":\"https:\/\/site.plasmundi.com\/#\/schema\/logo\/image\/\"}}]}<\/script>\n<!-- \/ Yoast SEO plugin. -->","yoast_head_json":{"title":"Fale Conosco - Plasmundi Trading Company","robots":{"index":"index","follow":"follow","max-snippet":"max-snippet:-1","max-image-preview":"max-image-preview:large","max-video-preview":"max-video-preview:-1"},"canonical":"https:\/\/site.plasmundi.com\/pt_br\/fale-conosco\/","og_locale":"pt_BR","og_type":"article","og_title":"Fale Conosco - Plasmundi Trading Company","og_description":"Fale Conosco Home Fale Conosco Fale Conosco Entre em Contato Onde Estamos Av. Cel. Marcos Konder, 1207 &#8211; Sl. 55 &#8211; Centro, Itaja\u00ed &#8211; SC, CEP: 88301-303 Ligue Agora +55 47 3045-2992 Envie um Email plasmundi@plasmundi.com vc@plasmundi.com Hor\u00e1rio Segunda &#8211; Quinta: 9h \u00e0s 18h Sexta: 8h \u00e0s 17h (Pausa das 12h &#8211; 13h todos os [&hellip;]","og_url":"https:\/\/site.plasmundi.com\/pt_br\/fale-conosco\/","og_site_name":"Plasmundi Trading Company","article_modified_time":"2021-05-31T20:02:34+00:00","twitter_card":"summary_large_image","twitter_misc":{"Est. tempo de leitura":"1 minuto"},"schema":{"@context":"https:\/\/schema.org","@graph":[{"@type":"WebPage","@id":"https:\/\/site.plasmundi.com\/fale-conosco\/","url":"https:\/\/site.plasmundi.com\/fale-conosco\/","name":"Fale Conosco - Plasmundi Trading Company","isPartOf":{"@id":"https:\/\/site.plasmundi.com\/#website"},"datePublished":"2021-05-28T13:53:08+00:00","dateModified":"2021-05-31T20:02:34+00:00","breadcrumb":{"@id":"https:\/\/site.plasmundi.com\/fale-conosco\/#breadcrumb"},"inLanguage":"pt-BR","potentialAction":[{"@type":"ReadAction","target":["https:\/\/site.plasmundi.com\/fale-conosco\/"]}]},{"@type":"BreadcrumbList","@id":"https:\/\/site.plasmundi.com\/fale-conosco\/#breadcrumb","itemListElement":[{"@type":"ListItem","position":1,"name":"In\u00edcio","item":"https:\/\/site.plasmundi.com\/"},{"@type":"ListItem","position":2,"name":"Fale Conosco"}]},{"@type":"WebSite","@id":"https:\/\/site.plasmundi.com\/#website","url":"https:\/\/site.plasmundi.com\/","name":"Plasmundi Trading Company","description":"Facilitando o seu mundo em importa\u00e7\u00e3o e exporta\u00e7\u00e3o","publisher":{"@id":"https:\/\/site.plasmundi.com\/#organization"},"potentialAction":[{"@type":"SearchAction","target":{"@type":"EntryPoint","urlTemplate":"https:\/\/site.plasmundi.com\/?s={search_term_string}"},"query-input":{"@type":"PropertyValueSpecification","valueRequired":true,"valueName":"search_term_string"}}],"inLanguage":"pt-BR"},{"@type":"Organization","@id":"https:\/\/site.plasmundi.com\/#organization","name":"Plasmundi Trading Company","url":"https:\/\/site.plasmundi.com\/","logo":{"@type":"ImageObject","inLanguage":"pt-BR","@id":"https:\/\/site.plasmundi.com\/#\/schema\/logo\/image\/","url":"https:\/\/site.plasmundi.com\/wp-content\/uploads\/2021\/05\/plasmundi-azul-site.png","contentUrl":"https:\/\/site.plasmundi.com\/wp-content\/uploads\/2021\/05\/plasmundi-azul-site.png","width":343,"height":80,"caption":"Plasmundi Trading Company"},"image":{"@id":"https:\/\/site.plasmundi.com\/#\/schema\/logo\/image\/"}}]}},"_links":{"self":[{"href":"https:\/\/site.plasmundi.com\/pt_br\/wp-json\/wp\/v2\/pages\/425","targetHints":{"allow":["GET"]}}],"collection":[{"href":"https:\/\/site.plasmundi.com\/pt_br\/wp-json\/wp\/v2\/pages"}],"about":[{"href":"https:\/\/site.plasmundi.com\/pt_br\/wp-json\/wp\/v2\/types\/page"}],"author":[{"embeddable":true,"href":"https:\/\/site.plasmundi.com\/pt_br\/wp-json\/wp\/v2\/users\/1"}],"replies":[{"embeddable":true,"href":"https:\/\/site.plasmundi.com\/pt_br\/wp-json\/wp\/v2\/comments?post=425"}],"version-history":[{"count":25,"href":"https:\/\/site.plasmundi.com\/pt_br\/wp-json\/wp\/v2\/pages\/425\/revisions"}],"predecessor-version":[{"id":982,"href":"https:\/\/site.plasmundi.com\/pt_br\/wp-json\/wp\/v2\/pages\/425\/revisions\/982"}],"wp:attachment":[{"href":"https:\/\/site.plasmundi.com\/pt_br\/wp-json\/wp\/v2\/media?parent=425"}],"curies":[{"name":"wp","href":"https:\/\/api.w.org\/{rel}","templated":true}]}}